{"id":251,"date":"2022-04-05T09:40:39","date_gmt":"2022-04-05T07:40:39","guid":{"rendered":"https:\/\/sofimediat.fr\/orchidee\/accueil\/"},"modified":"2025-04-28T13:37:17","modified_gmt":"2025-04-28T11:37:17","slug":"home","status":"publish","type":"page","link":"https:\/\/www.hotel-orchidee.fr\/en\/","title":{"rendered":"Accueil"},"content":{"rendered":"\n\t<section class=\"section hide-for-medium\" id=\"section_477655789\">\n\t\t<div class=\"bg section-bg fill bg-fill  bg-loaded\" >\n\n\t\t\t\n\t\t\t\n\t\t\t\n\n\t\t<\/div>\n\n\t\t<div class=\"section-content relative\">\n\t\t\t\n\n<div class=\"slider-wrapper relative\" id=\"slider-1931287147\" >\n    <div class=\"slider slider-type-fade slider-nav-circle slider-nav-large slider-nav-light slider-style-normal\"\n        data-flickity-options='{\n            \"cellAlign\": \"center\",\n            \"imagesLoaded\": true,\n            \"lazyLoad\": 1,\n            \"freeScroll\": false,\n            \"wrapAround\": true,\n            \"autoPlay\": 5000,\n            \"pauseAutoPlayOnHover\" : false,\n            \"prevNextButtons\": true,\n            \"contain\" : true,\n            \"adaptiveHeight\" : true,\n            \"dragThreshold\" : 10,\n            \"percentPosition\": true,\n            \"pageDots\": true,\n            \"rightToLeft\": false,\n            \"draggable\": true,\n            \"selectedAttraction\": 0.1,\n            \"parallax\" : 0,\n            \"friction\": 0.6        }'\n        >\n        \n\n\n  <div class=\"banner has-hover is-full-height\" id=\"banner-895333647\">\n          <div class=\"banner-inner fill\">\n        <div class=\"banner-bg fill\" >\n            <div class=\"bg fill bg-fill \"><\/div>\n                                    \n                    <\/div>\n        <div class=\"banner-layers container\">\n            <div class=\"fill banner-link\"><\/div>            \n\n\n        <\/div>\n      <\/div>\n\n            \n<style>\n#banner-895333647 {\n  padding-top: 100%;\n}\n#banner-895333647 .bg.bg-loaded {\n  background-image: url(https:\/\/www.hotel-orchidee.fr\/wp-content\/uploads\/2025\/04\/Facade.jpg);\n}\n#banner-895333647 .bg {\n  background-position: bottom;\n}\n<\/style>\n  <\/div>\n\n\n\n  <div class=\"banner has-hover is-full-height\" id=\"banner-1086789841\">\n          <div class=\"banner-inner fill\">\n        <div class=\"banner-bg fill\" >\n            <div class=\"bg fill bg-fill \"><\/div>\n                                    \n                    <\/div>\n        <div class=\"banner-layers container\">\n            <div class=\"fill banner-link\"><\/div>            \n\n\n        <\/div>\n      <\/div>\n\n            \n<style>\n#banner-1086789841 {\n  padding-top: 100%;\n}\n#banner-1086789841 .bg.bg-loaded {\n  background-image: url(https:\/\/www.hotel-orchidee.fr\/wp-content\/uploads\/2022\/04\/hotel-orchidee-paris-montparnasse-1.jpg);\n}\n<\/style>\n  <\/div>\n\n\n\n  <div class=\"banner has-hover is-full-height\" id=\"banner-529718341\">\n          <div class=\"banner-inner fill\">\n        <div class=\"banner-bg fill\" >\n            <div class=\"bg fill bg-fill \"><\/div>\n                                    \n                    <\/div>\n        <div class=\"banner-layers container\">\n            <div class=\"fill banner-link\"><\/div>            \n\n\n        <\/div>\n      <\/div>\n\n            \n<style>\n#banner-529718341 {\n  padding-top: 100%;\n}\n#banner-529718341 .bg.bg-loaded {\n  background-image: url(https:\/\/www.hotel-orchidee.fr\/wp-content\/uploads\/2024\/12\/COUR1.jpg);\n}\n<\/style>\n  <\/div>\n\n\n\n     <\/div>\n\n     <div class=\"loading-spin dark large centered\"><\/div>\n\n     \t<\/div>\n\n\n\n\t\t<\/div>\n\n\t\t\n<style>\n#section_477655789 {\n  padding-top: 0px;\n  padding-bottom: 0px;\n}\n<\/style>\n\t<\/section>\n\t\n\t<section class=\"section show-for-medium\" id=\"section_1068221667\">\n\t\t<div class=\"bg section-bg fill bg-fill  bg-loaded\" >\n\n\t\t\t\n\t\t\t\n\t\t\t\n\n\t\t<\/div>\n\n\t\t<div class=\"section-content relative\">\n\t\t\t\n\n<div class=\"row row-collapse\"  id=\"row-1515730470\">\n\n\n\t<div id=\"col-886769202\" class=\"col small-12 large-12\"  >\n\t\t\t\t<div class=\"col-inner\"  >\n\t\t\t\n\t\t\t\n\n<div class=\"slider-wrapper relative\" id=\"slider-1790986939\" >\n    <div class=\"slider slider-type-fade slider-nav-circle slider-nav-large slider-nav-light slider-style-normal\"\n        data-flickity-options='{\n            \"cellAlign\": \"center\",\n            \"imagesLoaded\": true,\n            \"lazyLoad\": 1,\n            \"freeScroll\": false,\n            \"wrapAround\": true,\n            \"autoPlay\": 5000,\n            \"pauseAutoPlayOnHover\" : true,\n            \"prevNextButtons\": true,\n            \"contain\" : true,\n            \"adaptiveHeight\" : true,\n            \"dragThreshold\" : 10,\n            \"percentPosition\": true,\n            \"pageDots\": true,\n            \"rightToLeft\": false,\n            \"draggable\": true,\n            \"selectedAttraction\": 0.1,\n            \"parallax\" : 0,\n            \"friction\": 0.6        }'\n        >\n        \n\n\t<div class=\"img has-hover x md-x lg-x y md-y lg-y\" id=\"image_1684469017\">\n\t\t\t\t\t\t\t\t<div class=\"img-inner dark\" >\n\t\t\t<img decoding=\"async\" width=\"1020\" height=\"680\" src=\"https:\/\/www.hotel-orchidee.fr\/wp-content\/uploads\/2022\/04\/hotel-orchidee-paris-montparnasse-1-1024x683.jpg\" class=\"attachment-large size-large\" alt=\"r\u00e9ception H\u00f4tel Orchid\u00e9es Paris Montparnasse\" srcset=\"https:\/\/www.hotel-orchidee.fr\/wp-content\/uploads\/2022\/04\/hotel-orchidee-paris-montparnasse-1-1024x683.jpg 1024w, https:\/\/www.hotel-orchidee.fr\/wp-content\/uploads\/2022\/04\/hotel-orchidee-paris-montparnasse-1-300x200.jpg 300w, https:\/\/www.hotel-orchidee.fr\/wp-content\/uploads\/2022\/04\/hotel-orchidee-paris-montparnasse-1-768x512.jpg 768w, https:\/\/www.hotel-orchidee.fr\/wp-content\/uploads\/2022\/04\/hotel-orchidee-paris-montparnasse-1.jpg 1500w\" sizes=\"(max-width: 1020px) 100vw, 1020px\" \/>\t\t\t\t\t\t\n\t\t\t\t\t<\/div>\n\t\t\t\t\t\t\t\t\n<style>\n#image_1684469017 {\n  width: 100%;\n}\n<\/style>\n\t<\/div>\n\t\n\n\t<div class=\"img has-hover x md-x lg-x y md-y lg-y\" id=\"image_207421318\">\n\t\t\t\t\t\t\t\t<div class=\"img-inner dark\" >\n\t\t\t<img decoding=\"async\" width=\"1020\" height=\"680\" src=\"https:\/\/www.hotel-orchidee.fr\/wp-content\/uploads\/2022\/04\/hotel-orchidee-paris-montparnasse-2-1024x683.jpg\" class=\"attachment-large size-large\" alt=\"Chambre H\u00f4tel Orchid\u00e9e Paris Montparnasse\" srcset=\"https:\/\/www.hotel-orchidee.fr\/wp-content\/uploads\/2022\/04\/hotel-orchidee-paris-montparnasse-2-1024x683.jpg 1024w, https:\/\/www.hotel-orchidee.fr\/wp-content\/uploads\/2022\/04\/hotel-orchidee-paris-montparnasse-2-300x200.jpg 300w, https:\/\/www.hotel-orchidee.fr\/wp-content\/uploads\/2022\/04\/hotel-orchidee-paris-montparnasse-2-768x512.jpg 768w, https:\/\/www.hotel-orchidee.fr\/wp-content\/uploads\/2022\/04\/hotel-orchidee-paris-montparnasse-2.jpg 1500w\" sizes=\"(max-width: 1020px) 100vw, 1020px\" \/>\t\t\t\t\t\t\n\t\t\t\t\t<\/div>\n\t\t\t\t\t\t\t\t\n<style>\n#image_207421318 {\n  width: 100%;\n}\n<\/style>\n\t<\/div>\n\t\n\n\t<div class=\"img has-hover x md-x lg-x y md-y lg-y\" id=\"image_1590637096\">\n\t\t\t\t\t\t\t\t<div class=\"img-inner dark\" >\n\t\t\t<img decoding=\"async\" width=\"1020\" height=\"680\" src=\"https:\/\/www.hotel-orchidee.fr\/wp-content\/uploads\/2022\/04\/hotel-orchidee-paris-montparnasse-3-1024x683.jpg\" class=\"attachment-large size-large\" alt=\"Terrasse jardin H\u00f4tel Orchid\u00e9e Paris Montparnasse\" srcset=\"https:\/\/www.hotel-orchidee.fr\/wp-content\/uploads\/2022\/04\/hotel-orchidee-paris-montparnasse-3-1024x683.jpg 1024w, https:\/\/www.hotel-orchidee.fr\/wp-content\/uploads\/2022\/04\/hotel-orchidee-paris-montparnasse-3-300x200.jpg 300w, https:\/\/www.hotel-orchidee.fr\/wp-content\/uploads\/2022\/04\/hotel-orchidee-paris-montparnasse-3-768x512.jpg 768w, https:\/\/www.hotel-orchidee.fr\/wp-content\/uploads\/2022\/04\/hotel-orchidee-paris-montparnasse-3.jpg 1500w\" sizes=\"(max-width: 1020px) 100vw, 1020px\" \/>\t\t\t\t\t\t\n\t\t\t\t\t<\/div>\n\t\t\t\t\t\t\t\t\n<style>\n#image_1590637096 {\n  width: 100%;\n}\n<\/style>\n\t<\/div>\n\t\n\n\n     <\/div>\n\n     <div class=\"loading-spin dark large centered\"><\/div>\n\n     \t<\/div>\n\n\n\n\t\t<\/div>\n\t\t\t\t\n<style>\n#col-886769202 > .col-inner {\n  margin: 90px 0px 0px 0px;\n}\n<\/style>\n\t<\/div>\n\n\t\n\n<\/div>\n\n\t\t<\/div>\n\n\t\t\n<style>\n#section_1068221667 {\n  padding-top: 0px;\n  padding-bottom: 0px;\n}\n<\/style>\n\t<\/section>\n\t\n\t<section class=\"section\" id=\"section_464798547\">\n\t\t<div class=\"bg section-bg fill bg-fill  bg-loaded\" >\n\n\t\t\t\n\t\t\t\n\t\t\t\n\n\t\t<\/div>\n\n\t\t<div class=\"section-content relative\">\n\t\t\t\n\n<div class=\"row\"  id=\"row-1957275827\">\n\n\n\t<div id=\"col-155194478\" class=\"col small-12 large-12\"  data-animate=\"fadeInUp\">\n\t\t\t\t<div class=\"col-inner\"  >\n\t\t\t\n\t\t\t\n\n<h1 style=\"text-align: center;\">A green break at the heart of Paris<\/h1>\n<p>At the heart of the\u00a0<strong>Montparnasse<\/strong>\u00a0district near Saint-Germain-des-Pr\u00e9s, the\u00a0<strong>Orchid\u00e9e Hotel***<\/strong>\u00a0will be your haven of peace located rue de l\u2019Ouest, a quiet street away from the Parisian hustle and bustle.<\/p>\n<p><strong>3 star hotel in Paris Montparnasse 14<\/strong>, the Orchid\u00e9e Hotel is ideally located close to the Montparnasse train station, near Saint-Germain-des-Pr\u00e9s and the most beautiful monuments in the capital.<\/p>\n\n\t\t<\/div>\n\t\t\t\t\t<\/div>\n\n\t\n\n<\/div>\n\n\t\t<\/div>\n\n\t\t\n<style>\n#section_464798547 {\n  padding-top: 30px;\n  padding-bottom: 30px;\n}\n<\/style>\n\t<\/section>\n\t\n\t<section class=\"section\" id=\"section_944350107\">\n\t\t<div class=\"bg section-bg fill bg-fill  bg-loaded\" >\n\n\t\t\t\n\t\t\t\n\t\t\t\n\n\t\t<\/div>\n\n\t\t<div class=\"section-content relative\">\n\t\t\t\n\n<div class=\"row row-collapse row-full-width align-middle\"  id=\"row-1728880217\">\n\n\n\t<div id=\"col-1588434404\" class=\"col medium-8 small-12 large-8\"  data-animate=\"fadeInLeft\">\n\t\t\t\t<div class=\"col-inner\"  >\n\t\t\t\n\t\t\t\n\n\n  <div class=\"banner has-hover\" id=\"banner-895641482\">\n          <div class=\"banner-inner fill\">\n        <div class=\"banner-bg fill\" >\n            <div class=\"bg fill bg-fill \"><\/div>\n                                    \n                    <\/div>\n        <div class=\"banner-layers container\">\n            <div class=\"fill banner-link\"><\/div>            \n\n\n        <\/div>\n      <\/div>\n\n            \n<style>\n#banner-895641482 {\n  padding-top: 300px;\n}\n#banner-895641482 .bg.bg-loaded {\n  background-image: url(https:\/\/www.hotel-orchidee.fr\/wp-content\/uploads\/2024\/12\/COUR1.jpg);\n}\n@media (min-width:550px) {\n  #banner-895641482 {\n    padding-top: 600px;\n  }\n}\n<\/style>\n  <\/div>\n\n\n\n\t\t<\/div>\n\t\t\t\t\t<\/div>\n\n\t\n\n\t<div id=\"col-516471591\" class=\"col medium-4 small-12 large-4\"  data-animate=\"fadeInRight\">\n\t\t\t\t<div class=\"col-inner\" style=\"background-color:rgba(0, 0, 0, 0.01);\" >\n\t\t\t\n\t\t\t\n\n<h3>3 star services<\/h3>\n<p>The hotel features a veranda, a lounge bar with a tree-lined terrace and a garden which are all invitations to stay in Paris in a welcoming and relaxing atmosphere.<\/p>\n<p>The buffet breakfast is served in an elegant, light-drenched decor overlooking the terrace or in the garden on a sunny day.<\/p>\n<a data-animate=\"bounceInUp\" href=\"https:\/\/www.hotel-orchidee.fr\/en\/services\/\" target=\"_self\" class=\"button secondary is-underline lowercase expand\"  style=\"padding:20px 0px 0px 0px;\">\n    <span>Discover our services<\/span>\n  <\/a>\n\n\n\n\t\t<\/div>\n\t\t\t\t\n<style>\n#col-516471591 > .col-inner {\n  padding: 20px 20px 20px 20px;\n}\n<\/style>\n\t<\/div>\n\n\t\n\n<\/div>\n\n\t\t<\/div>\n\n\t\t\n<style>\n#section_944350107 {\n  padding-top: 0px;\n  padding-bottom: 0px;\n  background-color: rgb(240, 240, 240);\n}\n<\/style>\n\t<\/section>\n\t\n\t<section class=\"section\" id=\"section_1312517449\">\n\t\t<div class=\"bg section-bg fill bg-fill  bg-loaded\" >\n\n\t\t\t\n\t\t\t\n\t\t\t\n\n\t\t<\/div>\n\n\t\t<div class=\"section-content relative\">\n\t\t\t\n\n<div class=\"row row-collapse row-full-width align-middle\"  id=\"row-353443492\">\n\n\n\t<div id=\"col-1599017702\" class=\"col medium-4 small-12 large-4\"  data-animate=\"fadeInLeft\">\n\t\t\t\t<div class=\"col-inner\" style=\"background-color:rgba(0, 0, 0, 0.01);\" >\n\t\t\t\n\t\t\t\n\n<h3>\nComfortable rooms<\/h3>\n<p>All 41 rooms decorated in a calm and relaxing atmosphere, offer all the comfort and services of a 3-star hotel. You will particularly appreciate its Garden rooms, some with a balcony.<\/p>\n<a data-animate=\"bounceInUp\" href=\"https:\/\/www.hotel-orchidee.fr\/en\/rooms\/\" target=\"_self\" class=\"button secondary is-underline lowercase expand\"  style=\"padding:20px 0px 0px 0px;\">\n    <span>Discover our rooms<\/span>\n  <\/a>\n\n\n\n\t\t<\/div>\n\t\t\t\t\n<style>\n#col-1599017702 > .col-inner {\n  padding: 20px 20px 20px 20px;\n}\n<\/style>\n\t<\/div>\n\n\t\n\n\t<div id=\"col-1756348772\" class=\"col medium-8 small-12 large-8 small-col-first\"  data-animate=\"fadeInRight\">\n\t\t\t\t<div class=\"col-inner\"  >\n\t\t\t\n\t\t\t\n\n\n  <div class=\"banner has-hover\" id=\"banner-1494881577\">\n          <div class=\"banner-inner fill\">\n        <div class=\"banner-bg fill\" >\n            <div class=\"bg fill bg-fill \"><\/div>\n                                    \n                    <\/div>\n        <div class=\"banner-layers container\">\n            <div class=\"fill banner-link\"><\/div>            \n\n\n        <\/div>\n      <\/div>\n\n            \n<style>\n#banner-1494881577 {\n  padding-top: 300px;\n}\n#banner-1494881577 .bg.bg-loaded {\n  background-image: url(https:\/\/www.hotel-orchidee.fr\/wp-content\/uploads\/2022\/04\/hotel-orchidee-paris-montparnasse-2.jpg);\n}\n@media (min-width:550px) {\n  #banner-1494881577 {\n    padding-top: 600px;\n  }\n}\n<\/style>\n  <\/div>\n\n\n\n\t\t<\/div>\n\t\t\t\t\t<\/div>\n\n\t\n\n<\/div>\n\n\t\t<\/div>\n\n\t\t\n<style>\n#section_1312517449 {\n  padding-top: 0px;\n  padding-bottom: 0px;\n  background-color: rgb(240, 240, 240);\n}\n<\/style>\n\t<\/section>\n\t\n\t<section class=\"section\" id=\"section_319900036\">\n\t\t<div class=\"bg section-bg fill bg-fill  bg-loaded\" >\n\n\t\t\t\n\t\t\t\n\t\t\t\n\n\t\t<\/div>\n\n\t\t<div class=\"section-content relative\">\n\t\t\t\n\n<div class=\"row row-collapse row-full-width align-middle\"  id=\"row-6195559\">\n\n\n\t<div id=\"col-429545249\" class=\"col medium-8 small-12 large-8\"  data-animate=\"fadeInLeft\">\n\t\t\t\t<div class=\"col-inner\"  >\n\t\t\t\n\t\t\t\n\n\n  <div class=\"banner has-hover\" id=\"banner-882805883\">\n          <div class=\"banner-inner fill\">\n        <div class=\"banner-bg fill\" >\n            <div class=\"bg fill bg-fill \"><\/div>\n                                    \n                    <\/div>\n        <div class=\"banner-layers container\">\n            <div class=\"fill banner-link\"><\/div>            \n\n\n        <\/div>\n      <\/div>\n\n            \n<style>\n#banner-882805883 {\n  padding-top: 300px;\n}\n#banner-882805883 .bg.bg-loaded {\n  background-image: url(https:\/\/www.hotel-orchidee.fr\/wp-content\/uploads\/2022\/04\/seminaires-hotel-orchidee-paris-montparnasse.jpg);\n}\n@media (min-width:550px) {\n  #banner-882805883 {\n    padding-top: 600px;\n  }\n}\n<\/style>\n  <\/div>\n\n\n\n\t\t<\/div>\n\t\t\t\t\t<\/div>\n\n\t\n\n\t<div id=\"col-1570040849\" class=\"col medium-4 small-12 large-4\"  data-animate=\"fadeInRight\">\n\t\t\t\t<div class=\"col-inner\" style=\"background-color:rgba(0, 0, 0, 0.01);\" >\n\t\t\t\n\t\t\t\n\n<h3>Business stay and seminars<\/h3>\n<p>If you want to organize a\u00a0seminar in Montparnasse, the hotel offers the room rental for your workshops and business meetings.<\/p>\n<p>The proximity of the\u00a0<strong>business centre of Montparnasse<\/strong>, the SNCF train station, from the Parc des Expositions of the Porte de Versailles or even Air France cars stations \/ Airports ensures the success of your\u00a0<strong>business trip to Paris<\/strong>.<\/p>\n<a data-animate=\"bounceInUp\" href=\"https:\/\/www.hotel-orchidee.fr\/en\/seminars\/\" target=\"_self\" class=\"button secondary is-underline lowercase expand\"  style=\"padding:20px 0px 0px 0px;\">\n    <span>Discover our options<\/span>\n  <\/a>\n\n\n\n\t\t<\/div>\n\t\t\t\t\n<style>\n#col-1570040849 > .col-inner {\n  padding: 20px 20px 20px 20px;\n}\n<\/style>\n\t<\/div>\n\n\t\n\n<\/div>\n\n\t\t<\/div>\n\n\t\t\n<style>\n#section_319900036 {\n  padding-top: 0px;\n  padding-bottom: 0px;\n  background-color: rgb(240, 240, 240);\n}\n<\/style>\n\t<\/section>\n\t\n\t<section class=\"section\" id=\"section_530496320\">\n\t\t<div class=\"bg section-bg fill bg-fill  bg-loaded\" >\n\n\t\t\t\n\t\t\t\n\t\t\t\n\n\t\t<\/div>\n\n\t\t<div class=\"section-content relative\">\n\t\t\t\n\n<div class=\"row\"  id=\"row-1154940173\">\n\n\n\t<div id=\"col-169057899\" class=\"col small-12 large-12\"  data-animate=\"fadeInUp\">\n\t\t\t\t<div class=\"col-inner\"  >\n\t\t\t\n\t\t\t\n\n<h2 style=\"text-align: center;\">From the hotel, visit Paris<\/h2>\n<p>From Montparnasse, welcoming and very lively district, discover the\u00a0tourist attractions of Paris. Thanks to the underground, visit freely the most beautiful monuments and the main points of interest of the \u201cCity of Light\u201d: the Eiffel Tower, the Champs Elysees, the Invalides, Notre-Dame, the Louvre Museum\u2026<\/p>\n<a data-animate=\"bounceInUp\" href=\"https:\/\/www.hotel-orchidee.fr\/en\/location\/\" target=\"_self\" class=\"button secondary is-underline lowercase expand\"  style=\"padding:20px 0px 0px 0px;\">\n    <span>Discover our location<\/span>\n  <\/a>\n\n\n\n\t\t<\/div>\n\t\t\t\t\t<\/div>\n\n\t\n\n<\/div>\n\n\t\t<\/div>\n\n\t\t\n<style>\n#section_530496320 {\n  padding-top: 30px;\n  padding-bottom: 30px;\n}\n<\/style>\n\t<\/section>\n\t\n\t<section class=\"section\" id=\"section_1529567501\">\n\t\t<div class=\"bg section-bg fill bg-fill  bg-loaded\" >\n\n\t\t\t\n\t\t\t\n\t\t\t\n\n\t\t<\/div>\n\n\t\t<div class=\"section-content relative\">\n\t\t\t\n\n\n\n<iframe src=\"https:\/\/www.google.com\/maps\/embed?pb=!1m18!1m12!1m3!1d2626.176366256122!2d2.316693215902414!3d48.83577451025252!2m3!1f0!2f0!3f0!3m2!1i1024!2i768!4f13.1!3m3!1m2!1s0x47e6704a9627018b%3A0xa066daf3f7fb1f3e!2s65%20Rue%20de%20l'Ouest%2C%2075014%20Paris!5e0!3m2!1sfr!2sfr!4v1649221908686!5m2!1sfr!2sfr\" width=\"100%\" height=\"450\" style=\"border:0;\" allowfullscreen=\"\" loading=\"lazy\" referrerpolicy=\"no-referrer-when-downgrade\"><\/iframe>\n\n\n\t\t<\/div>\n\n\t\t\n<style>\n#section_1529567501 {\n  padding-top: 0px;\n  padding-bottom: 0px;\n}\n<\/style>\n\t<\/section>\n\t\n\n","protected":false},"excerpt":{"rendered":"","protected":false},"author":1,"featured_media":0,"parent":0,"menu_order":0,"comment_status":"closed","ping_status":"closed","template":"page-transparent-header.php","meta":{"footnotes":""},"class_list":["post-251","page","type-page","status-publish","hentry"],"yoast_head":"<!-- This site is optimized with the Yoast SEO plugin v23.1 - https:\/\/yoast.com\/wordpress\/plugins\/seo\/ -->\n<title>H\u00f4tel Orchid\u00e9e Paris, official website, 3 star hotel in Paris Montparnasse<\/title>\n<meta name=\"description\" content=\"The Orchid\u00e9e Hotel is classified 3 stars close to the Montparnasse train station, ideal for a business trip but also to discover the monuments of Paris\" \/>\n<meta name=\"robots\" content=\"index, follow, max-snippet:-1, max-image-preview:large, max-video-preview:-1\" \/>\n<link rel=\"canonical\" href=\"https:\/\/www.hotel-orchidee.fr\/en\/\" \/>\n<meta property=\"og:locale\" content=\"en_US\" \/>\n<meta property=\"og:type\" content=\"article\" \/>\n<meta property=\"og:title\" content=\"H\u00f4tel Orchid\u00e9e Paris, official website, 3 star hotel in Paris Montparnasse\" \/>\n<meta property=\"og:description\" content=\"The Orchid\u00e9e Hotel is classified 3 stars close to the Montparnasse train station, ideal for a business trip but also to discover the monuments of Paris\" \/>\n<meta property=\"og:url\" content=\"https:\/\/www.hotel-orchidee.fr\/en\/\" \/>\n<meta property=\"og:site_name\" content=\"H\u00f4tel Orchid\u00e9e Paris\" \/>\n<meta property=\"article:modified_time\" content=\"2025-04-28T11:37:17+00:00\" \/>\n<meta name=\"twitter:card\" content=\"summary_large_image\" \/>\n<meta name=\"twitter:label1\" content=\"Est. reading time\" \/>\n\t<meta name=\"twitter:data1\" content=\"3 minutes\" \/>\n<script type=\"application\/ld+json\" class=\"yoast-schema-graph\">{\"@context\":\"https:\/\/schema.org\",\"@graph\":[{\"@type\":\"WebPage\",\"@id\":\"https:\/\/www.hotel-orchidee.fr\/en\/\",\"url\":\"https:\/\/www.hotel-orchidee.fr\/en\/\",\"name\":\"H\u00f4tel Orchid\u00e9e Paris, official website, 3 star hotel in Paris Montparnasse\",\"isPartOf\":{\"@id\":\"https:\/\/www.hotel-orchidee.fr\/#website\"},\"datePublished\":\"2022-04-05T07:40:39+00:00\",\"dateModified\":\"2025-04-28T11:37:17+00:00\",\"description\":\"The Orchid\u00e9e Hotel is classified 3 stars close to the Montparnasse train station, ideal for a business trip but also to discover the monuments of Paris\",\"breadcrumb\":{\"@id\":\"https:\/\/www.hotel-orchidee.fr\/en\/#breadcrumb\"},\"inLanguage\":\"en-US\",\"potentialAction\":[{\"@type\":\"ReadAction\",\"target\":[\"https:\/\/www.hotel-orchidee.fr\/en\/\"]}]},{\"@type\":\"BreadcrumbList\",\"@id\":\"https:\/\/www.hotel-orchidee.fr\/en\/#breadcrumb\",\"itemListElement\":[{\"@type\":\"ListItem\",\"position\":1,\"name\":\"Accueil\",\"item\":\"https:\/\/www.hotel-orchidee.fr\/en\/\"},{\"@type\":\"ListItem\",\"position\":2,\"name\":\"Accueil\"}]},{\"@type\":\"WebSite\",\"@id\":\"https:\/\/www.hotel-orchidee.fr\/#website\",\"url\":\"https:\/\/www.hotel-orchidee.fr\/\",\"name\":\"H\u00f4tel Orchid\u00e9e Paris\",\"description\":\"H\u00f4tel 3 \u00e9toiles \u00e0 Montparnasse\",\"potentialAction\":[{\"@type\":\"SearchAction\",\"target\":{\"@type\":\"EntryPoint\",\"urlTemplate\":\"https:\/\/www.hotel-orchidee.fr\/?s={search_term_string}\"},\"query-input\":\"required name=search_term_string\"}],\"inLanguage\":\"en-US\"}]}<\/script>\n<!-- \/ Yoast SEO plugin. -->","yoast_head_json":{"title":"H\u00f4tel Orchid\u00e9e Paris, official website, 3 star hotel in Paris Montparnasse","description":"The Orchid\u00e9e Hotel is classified 3 stars close to the Montparnasse train station, ideal for a business trip but also to discover the monuments of Paris","robots":{"index":"index","follow":"follow","max-snippet":"max-snippet:-1","max-image-preview":"max-image-preview:large","max-video-preview":"max-video-preview:-1"},"canonical":"https:\/\/www.hotel-orchidee.fr\/en\/","og_locale":"en_US","og_type":"article","og_title":"H\u00f4tel Orchid\u00e9e Paris, official website, 3 star hotel in Paris Montparnasse","og_description":"The Orchid\u00e9e Hotel is classified 3 stars close to the Montparnasse train station, ideal for a business trip but also to discover the monuments of Paris","og_url":"https:\/\/www.hotel-orchidee.fr\/en\/","og_site_name":"H\u00f4tel Orchid\u00e9e Paris","article_modified_time":"2025-04-28T11:37:17+00:00","twitter_card":"summary_large_image","twitter_misc":{"Est. reading time":"3 minutes"},"schema":{"@context":"https:\/\/schema.org","@graph":[{"@type":"WebPage","@id":"https:\/\/www.hotel-orchidee.fr\/en\/","url":"https:\/\/www.hotel-orchidee.fr\/en\/","name":"H\u00f4tel Orchid\u00e9e Paris, official website, 3 star hotel in Paris Montparnasse","isPartOf":{"@id":"https:\/\/www.hotel-orchidee.fr\/#website"},"datePublished":"2022-04-05T07:40:39+00:00","dateModified":"2025-04-28T11:37:17+00:00","description":"The Orchid\u00e9e Hotel is classified 3 stars close to the Montparnasse train station, ideal for a business trip but also to discover the monuments of Paris","breadcrumb":{"@id":"https:\/\/www.hotel-orchidee.fr\/en\/#breadcrumb"},"inLanguage":"en-US","potentialAction":[{"@type":"ReadAction","target":["https:\/\/www.hotel-orchidee.fr\/en\/"]}]},{"@type":"BreadcrumbList","@id":"https:\/\/www.hotel-orchidee.fr\/en\/#breadcrumb","itemListElement":[{"@type":"ListItem","position":1,"name":"Accueil","item":"https:\/\/www.hotel-orchidee.fr\/en\/"},{"@type":"ListItem","position":2,"name":"Accueil"}]},{"@type":"WebSite","@id":"https:\/\/www.hotel-orchidee.fr\/#website","url":"https:\/\/www.hotel-orchidee.fr\/","name":"H\u00f4tel Orchid\u00e9e Paris","description":"H\u00f4tel 3 \u00e9toiles \u00e0 Montparnasse","potentialAction":[{"@type":"SearchAction","target":{"@type":"EntryPoint","urlTemplate":"https:\/\/www.hotel-orchidee.fr\/?s={search_term_string}"},"query-input":"required name=search_term_string"}],"inLanguage":"en-US"}]}},"_links":{"self":[{"href":"https:\/\/www.hotel-orchidee.fr\/en\/wp-json\/wp\/v2\/pages\/251","targetHints":{"allow":["GET"]}}],"collection":[{"href":"https:\/\/www.hotel-orchidee.fr\/en\/wp-json\/wp\/v2\/pages"}],"about":[{"href":"https:\/\/www.hotel-orchidee.fr\/en\/wp-json\/wp\/v2\/types\/page"}],"author":[{"embeddable":true,"href":"https:\/\/www.hotel-orchidee.fr\/en\/wp-json\/wp\/v2\/users\/1"}],"replies":[{"embeddable":true,"href":"https:\/\/www.hotel-orchidee.fr\/en\/wp-json\/wp\/v2\/comments?post=251"}],"version-history":[{"count":9,"href":"https:\/\/www.hotel-orchidee.fr\/en\/wp-json\/wp\/v2\/pages\/251\/revisions"}],"predecessor-version":[{"id":478,"href":"https:\/\/www.hotel-orchidee.fr\/en\/wp-json\/wp\/v2\/pages\/251\/revisions\/478"}],"wp:attachment":[{"href":"https:\/\/www.hotel-orchidee.fr\/en\/wp-json\/wp\/v2\/media?parent=251"}],"curies":[{"name":"wp","href":"https:\/\/api.w.org\/{rel}","templated":true}]}}