{"id":252,"date":"2022-04-06T14:08:40","date_gmt":"2022-04-06T12:08:40","guid":{"rendered":"https:\/\/sofimediat.fr\/orchidee\/chambre-double-sur-jardin\/"},"modified":"2022-10-20T14:30:23","modified_gmt":"2022-10-20T12:30:23","slug":"double-room-garden-view","status":"publish","type":"page","link":"https:\/\/www.hotel-orchidee.fr\/en\/double-room-garden-view\/","title":{"rendered":"chambre double sur jardin"},"content":{"rendered":"\n\t<section class=\"section\" id=\"section_1307245352\">\n\t\t<div class=\"bg section-bg fill bg-fill  bg-loaded\" >\n\n\t\t\t\n\t\t\t\n\t\t\t\n\n\t\t<\/div>\n\n\t\t<div class=\"section-content relative\">\n\t\t\t\n\n<div class=\"row row-collapse\"  id=\"row-110360262\">\n\n\n\t<div id=\"col-947165400\" class=\"col small-12 large-12\"  >\n\t\t\t\t<div class=\"col-inner\"  >\n\t\t\t\n\t\t\t\n\n<div class=\"slider-wrapper relative\" id=\"slider-663949892\" >\n    <div class=\"slider slider-type-fade slider-nav-circle slider-nav-large slider-nav-light slider-style-normal\"\n        data-flickity-options='{\n            \"cellAlign\": \"center\",\n            \"imagesLoaded\": true,\n            \"lazyLoad\": 1,\n            \"freeScroll\": false,\n            \"wrapAround\": true,\n            \"autoPlay\": 5000,\n            \"pauseAutoPlayOnHover\" : false,\n            \"prevNextButtons\": true,\n            \"contain\" : true,\n            \"adaptiveHeight\" : true,\n            \"dragThreshold\" : 10,\n            \"percentPosition\": true,\n            \"pageDots\": true,\n            \"rightToLeft\": false,\n            \"draggable\": true,\n            \"selectedAttraction\": 0.1,\n            \"parallax\" : 0,\n            \"friction\": 0.6        }'\n        >\n        \n\n\t<div class=\"img has-hover x md-x lg-x y md-y lg-y\" id=\"image_2072538698\">\n\t\t\t\t\t\t\t\t<div class=\"img-inner image-cover dark\" style=\"padding-top:56.25%;\">\n\t\t\t<img decoding=\"async\" width=\"1500\" height=\"1000\" src=\"https:\/\/www.hotel-orchidee.fr\/wp-content\/uploads\/2022\/10\/CHAMBRE2-2.jpg\" class=\"attachment-original size-original\" alt=\"H\u00f4tel Orchid\u00e9e Paris Montparnasse ***\" srcset=\"https:\/\/www.hotel-orchidee.fr\/wp-content\/uploads\/2022\/10\/CHAMBRE2-2.jpg 1500w, https:\/\/www.hotel-orchidee.fr\/wp-content\/uploads\/2022\/10\/CHAMBRE2-2-300x200.jpg 300w, https:\/\/www.hotel-orchidee.fr\/wp-content\/uploads\/2022\/10\/CHAMBRE2-2-1024x683.jpg 1024w, https:\/\/www.hotel-orchidee.fr\/wp-content\/uploads\/2022\/10\/CHAMBRE2-2-768x512.jpg 768w\" sizes=\"(max-width: 1500px) 100vw, 1500px\" \/>\t\t\t\t\t\t\n\t\t\t\t\t<\/div>\n\t\t\t\t\t\t\t\t\n<style>\n#image_2072538698 {\n  width: 100%;\n}\n<\/style>\n\t<\/div>\n\t\n\n\t<div class=\"img has-hover x md-x lg-x y md-y lg-y\" id=\"image_582008907\">\n\t\t\t\t\t\t\t\t<div class=\"img-inner image-cover dark\" style=\"padding-top:56.25%;\">\n\t\t\t<img decoding=\"async\" width=\"1000\" height=\"667\" src=\"https:\/\/www.hotel-orchidee.fr\/wp-content\/uploads\/2022\/04\/chambre-double-vue-jardin-1.jpg\" class=\"attachment-original size-original\" alt=\"H\u00f4tel Orchid\u00e9e Paris Montparnasse ***\" srcset=\"https:\/\/www.hotel-orchidee.fr\/wp-content\/uploads\/2022\/04\/chambre-double-vue-jardin-1.jpg 1000w, https:\/\/www.hotel-orchidee.fr\/wp-content\/uploads\/2022\/04\/chambre-double-vue-jardin-1-300x200.jpg 300w, https:\/\/www.hotel-orchidee.fr\/wp-content\/uploads\/2022\/04\/chambre-double-vue-jardin-1-768x512.jpg 768w\" sizes=\"(max-width: 1000px) 100vw, 1000px\" \/>\t\t\t\t\t\t\n\t\t\t\t\t<\/div>\n\t\t\t\t\t\t\t\t\n<style>\n#image_582008907 {\n  width: 100%;\n}\n<\/style>\n\t<\/div>\n\t\n\n\t<div class=\"img has-hover x md-x lg-x y md-y lg-y\" id=\"image_1579264188\">\n\t\t\t\t\t\t\t\t<div class=\"img-inner image-cover dark\" style=\"padding-top:56.25%;\">\n\t\t\t<img decoding=\"async\" width=\"1000\" height=\"667\" src=\"https:\/\/www.hotel-orchidee.fr\/wp-content\/uploads\/2022\/04\/chambre-double-vue-jardin-2.jpg\" class=\"attachment-original size-original\" alt=\"H\u00f4tel Orchid\u00e9e Paris Montparnasse ***\" srcset=\"https:\/\/www.hotel-orchidee.fr\/wp-content\/uploads\/2022\/04\/chambre-double-vue-jardin-2.jpg 1000w, https:\/\/www.hotel-orchidee.fr\/wp-content\/uploads\/2022\/04\/chambre-double-vue-jardin-2-300x200.jpg 300w, https:\/\/www.hotel-orchidee.fr\/wp-content\/uploads\/2022\/04\/chambre-double-vue-jardin-2-768x512.jpg 768w\" sizes=\"(max-width: 1000px) 100vw, 1000px\" \/>\t\t\t\t\t\t\n\t\t\t\t\t<\/div>\n\t\t\t\t\t\t\t\t\n<style>\n#image_1579264188 {\n  width: 100%;\n}\n<\/style>\n\t<\/div>\n\t\n\n\t<div class=\"img has-hover x md-x lg-x y md-y lg-y\" id=\"image_432997157\">\n\t\t\t\t\t\t\t\t<div class=\"img-inner image-cover dark\" style=\"padding-top:56.25%;\">\n\t\t\t<img decoding=\"async\" width=\"1500\" height=\"1000\" src=\"https:\/\/www.hotel-orchidee.fr\/wp-content\/uploads\/2022\/04\/sdb-hotel-orchidee-paris.jpg\" class=\"attachment-original size-original\" alt=\"H\u00f4tel Orchid\u00e9e Paris Montparnasse ***\" srcset=\"https:\/\/www.hotel-orchidee.fr\/wp-content\/uploads\/2022\/04\/sdb-hotel-orchidee-paris.jpg 1500w, https:\/\/www.hotel-orchidee.fr\/wp-content\/uploads\/2022\/04\/sdb-hotel-orchidee-paris-300x200.jpg 300w, https:\/\/www.hotel-orchidee.fr\/wp-content\/uploads\/2022\/04\/sdb-hotel-orchidee-paris-1024x683.jpg 1024w, https:\/\/www.hotel-orchidee.fr\/wp-content\/uploads\/2022\/04\/sdb-hotel-orchidee-paris-768x512.jpg 768w\" sizes=\"(max-width: 1500px) 100vw, 1500px\" \/>\t\t\t\t\t\t\n\t\t\t\t\t<\/div>\n\t\t\t\t\t\t\t\t\n<style>\n#image_432997157 {\n  width: 100%;\n}\n<\/style>\n\t<\/div>\n\t\n\n\n     <\/div>\n\n     <div class=\"loading-spin dark large centered\"><\/div>\n\n     \t<\/div>\n\n\n\n\t\t<\/div>\n\t\t\t\t\t<\/div>\n\n\t\n\n<\/div>\n\n\t\t<\/div>\n\n\t\t\n<style>\n#section_1307245352 {\n  padding-top: 0px;\n  padding-bottom: 0px;\n}\n<\/style>\n\t<\/section>\n\t\n\t<section class=\"section\" id=\"section_1724805859\">\n\t\t<div class=\"bg section-bg fill bg-fill  bg-loaded\" >\n\n\t\t\t\n\t\t\t\n\t\t\t\n\n\t\t<\/div>\n\n\t\t<div class=\"section-content relative\">\n\t\t\t\n\n<div class=\"row\"  id=\"row-2056460618\">\n\n\n\t<div id=\"col-1096613189\" class=\"col small-12 large-12\"  data-animate=\"fadeInUp\">\n\t\t\t\t<div class=\"col-inner\"  >\n\t\t\t\n\t\t\t\n\n<h1 style=\"text-align: center;\">Double Room Garden view<\/h1>\n<h2 style=\"text-align: center;\">2 people &#8211; 1 double bed &#8211; 15 m\u00b2<\/h2>\n<p>The Garden view room is ideal for your leasure or  business trip in Paris. It offers all the peace and comfort you would expect of a 3-star hotel in the heart of Paris! view on our courtyard (very quiet!)<\/p>\n<a data-animate=\"bounceInUp\" rel=\"noopener noreferrer\" href=\"https:\/\/www.secure-hotel-booking.com\/Hotel-Orchidee-E-Axess-\/JJFH\/dateselection?language=en\" target=\"_blank\" class=\"button secondary is-underline expand\"  style=\"padding:20px 0px 0px 0px;\">\n    <span>Book your room<\/span>\n  <\/a>\n\n\n\n\t\t<\/div>\n\t\t\t\t\n<style>\n#col-1096613189 > .col-inner {\n  margin: 30px 0px 0px 0px;\n}\n<\/style>\n\t<\/div>\n\n\t\n\n<\/div>\n\n\t\t<\/div>\n\n\t\t\n<style>\n#section_1724805859 {\n  padding-top: 0px;\n  padding-bottom: 0px;\n}\n<\/style>\n\t<\/section>\n\t\n\t<section class=\"section\" id=\"section_802595709\">\n\t\t<div class=\"bg section-bg fill bg-fill  bg-loaded\" >\n\n\t\t\t\n\t\t\t\n\t\t\t\n\n\t\t<\/div>\n\n\t\t<div class=\"section-content relative\">\n\t\t\t\n\n<div class=\"row\"  id=\"row-976519711\">\n\n\n\t<div id=\"col-695247466\" class=\"col medium-4 small-12 large-4\"  data-animate=\"fadeInUp\">\n\t\t\t\t<div class=\"col-inner\"  >\n\t\t\t\n\t\t\t\n\n<ul>\n<li>Courtesy tray<\/li>\n<li>Air conditioning<\/li>\n<li>Soundproofing<\/li>\n<li>Safe<\/li>\n<\/ul>\n\n\t\t<\/div>\n\t\t\t\t\t<\/div>\n\n\t\n\n\t<div id=\"col-615476122\" class=\"col medium-4 small-12 large-4\"  data-animate=\"fadeInUp\">\n\t\t\t\t<div class=\"col-inner\"  >\n\t\t\t\n\t\t\t\n\n<ul>\n<li>Free and unlimited Wi-Fi<\/li>\n<li>Telephone<\/li>\n<li>Private bathroom with shower<\/li>\n<li>Hair dryer<\/li>\n<\/ul>\n\n\t\t<\/div>\n\t\t\t\t\t<\/div>\n\n\t\n\n\t<div id=\"col-1416663476\" class=\"col medium-4 small-12 large-4\"  data-animate=\"fadeInUp\">\n\t\t\t\t<div class=\"col-inner\"  >\n\t\t\t\n\t\t\t\n\n<ul>\n<li>Flat screen TV<\/li>\n<li>Radio<\/li>\n<li>Non-smoking<\/li>\n<\/ul>\n\n\t\t<\/div>\n\t\t\t\t\t<\/div>\n\n\t\n\n<\/div>\n\n\t\t<\/div>\n\n\t\t\n<style>\n#section_802595709 {\n  padding-top: 0px;\n  padding-bottom: 0px;\n}\n<\/style>\n\t<\/section>\n\t\n\n","protected":false},"excerpt":{"rendered":"","protected":false},"author":1,"featured_media":0,"parent":0,"menu_order":0,"comment_status":"closed","ping_status":"closed","template":"page-blank.php","meta":{"footnotes":""},"class_list":["post-252","page","type-page","status-publish","hentry"],"yoast_head":"<!-- This site is optimized with the Yoast SEO plugin v23.1 - https:\/\/yoast.com\/wordpress\/plugins\/seo\/ -->\n<title>Double Room Garden view of the hotel Orchid\u00e9e Paris Montparnasse<\/title>\n<meta name=\"description\" content=\"Enjoy the charm and comfort of a 3-star hotel in this double room overlooking the garden at the Hotel Orchid\u00e9e*** Paris Montparnasse.\" \/>\n<meta name=\"robots\" content=\"index, follow, max-snippet:-1, max-image-preview:large, max-video-preview:-1\" \/>\n<link rel=\"canonical\" href=\"https:\/\/www.hotel-orchidee.fr\/en\/double-room-garden-view\/\" \/>\n<meta property=\"og:locale\" content=\"en_US\" \/>\n<meta property=\"og:type\" content=\"article\" \/>\n<meta property=\"og:title\" content=\"Double Room Garden view of the hotel Orchid\u00e9e Paris Montparnasse\" \/>\n<meta property=\"og:description\" content=\"Enjoy the charm and comfort of a 3-star hotel in this double room overlooking the garden at the Hotel Orchid\u00e9e*** Paris Montparnasse.\" \/>\n<meta property=\"og:url\" content=\"https:\/\/www.hotel-orchidee.fr\/en\/double-room-garden-view\/\" \/>\n<meta property=\"og:site_name\" content=\"H\u00f4tel Orchid\u00e9e Paris\" \/>\n<meta property=\"article:modified_time\" content=\"2022-10-20T12:30:23+00:00\" \/>\n<meta name=\"twitter:card\" content=\"summary_large_image\" \/>\n<meta name=\"twitter:label1\" content=\"Est. reading time\" \/>\n\t<meta name=\"twitter:data1\" content=\"1 minute\" \/>\n<script type=\"application\/ld+json\" class=\"yoast-schema-graph\">{\"@context\":\"https:\/\/schema.org\",\"@graph\":[{\"@type\":\"WebPage\",\"@id\":\"https:\/\/www.hotel-orchidee.fr\/en\/double-room-garden-view\/\",\"url\":\"https:\/\/www.hotel-orchidee.fr\/en\/double-room-garden-view\/\",\"name\":\"Double Room Garden view of the hotel Orchid\u00e9e Paris Montparnasse\",\"isPartOf\":{\"@id\":\"https:\/\/www.hotel-orchidee.fr\/#website\"},\"datePublished\":\"2022-04-06T12:08:40+00:00\",\"dateModified\":\"2022-10-20T12:30:23+00:00\",\"description\":\"Enjoy the charm and comfort of a 3-star hotel in this double room overlooking the garden at the Hotel Orchid\u00e9e*** Paris Montparnasse.\",\"breadcrumb\":{\"@id\":\"https:\/\/www.hotel-orchidee.fr\/en\/double-room-garden-view\/#breadcrumb\"},\"inLanguage\":\"en-US\",\"potentialAction\":[{\"@type\":\"ReadAction\",\"target\":[\"https:\/\/www.hotel-orchidee.fr\/en\/double-room-garden-view\/\"]}]},{\"@type\":\"BreadcrumbList\",\"@id\":\"https:\/\/www.hotel-orchidee.fr\/en\/double-room-garden-view\/#breadcrumb\",\"itemListElement\":[{\"@type\":\"ListItem\",\"position\":1,\"name\":\"Accueil\",\"item\":\"https:\/\/www.hotel-orchidee.fr\/en\/\"},{\"@type\":\"ListItem\",\"position\":2,\"name\":\"chambre double sur jardin\"}]},{\"@type\":\"WebSite\",\"@id\":\"https:\/\/www.hotel-orchidee.fr\/#website\",\"url\":\"https:\/\/www.hotel-orchidee.fr\/\",\"name\":\"H\u00f4tel Orchid\u00e9e Paris\",\"description\":\"H\u00f4tel 3 \u00e9toiles \u00e0 Montparnasse\",\"potentialAction\":[{\"@type\":\"SearchAction\",\"target\":{\"@type\":\"EntryPoint\",\"urlTemplate\":\"https:\/\/www.hotel-orchidee.fr\/?s={search_term_string}\"},\"query-input\":\"required name=search_term_string\"}],\"inLanguage\":\"en-US\"}]}<\/script>\n<!-- \/ Yoast SEO plugin. -->","yoast_head_json":{"title":"Double Room Garden view of the hotel Orchid\u00e9e Paris Montparnasse","description":"Enjoy the charm and comfort of a 3-star hotel in this double room overlooking the garden at the Hotel Orchid\u00e9e*** Paris Montparnasse.","robots":{"index":"index","follow":"follow","max-snippet":"max-snippet:-1","max-image-preview":"max-image-preview:large","max-video-preview":"max-video-preview:-1"},"canonical":"https:\/\/www.hotel-orchidee.fr\/en\/double-room-garden-view\/","og_locale":"en_US","og_type":"article","og_title":"Double Room Garden view of the hotel Orchid\u00e9e Paris Montparnasse","og_description":"Enjoy the charm and comfort of a 3-star hotel in this double room overlooking the garden at the Hotel Orchid\u00e9e*** Paris Montparnasse.","og_url":"https:\/\/www.hotel-orchidee.fr\/en\/double-room-garden-view\/","og_site_name":"H\u00f4tel Orchid\u00e9e Paris","article_modified_time":"2022-10-20T12:30:23+00:00","twitter_card":"summary_large_image","twitter_misc":{"Est. reading time":"1 minute"},"schema":{"@context":"https:\/\/schema.org","@graph":[{"@type":"WebPage","@id":"https:\/\/www.hotel-orchidee.fr\/en\/double-room-garden-view\/","url":"https:\/\/www.hotel-orchidee.fr\/en\/double-room-garden-view\/","name":"Double Room Garden view of the hotel Orchid\u00e9e Paris Montparnasse","isPartOf":{"@id":"https:\/\/www.hotel-orchidee.fr\/#website"},"datePublished":"2022-04-06T12:08:40+00:00","dateModified":"2022-10-20T12:30:23+00:00","description":"Enjoy the charm and comfort of a 3-star hotel in this double room overlooking the garden at the Hotel Orchid\u00e9e*** Paris Montparnasse.","breadcrumb":{"@id":"https:\/\/www.hotel-orchidee.fr\/en\/double-room-garden-view\/#breadcrumb"},"inLanguage":"en-US","potentialAction":[{"@type":"ReadAction","target":["https:\/\/www.hotel-orchidee.fr\/en\/double-room-garden-view\/"]}]},{"@type":"BreadcrumbList","@id":"https:\/\/www.hotel-orchidee.fr\/en\/double-room-garden-view\/#breadcrumb","itemListElement":[{"@type":"ListItem","position":1,"name":"Accueil","item":"https:\/\/www.hotel-orchidee.fr\/en\/"},{"@type":"ListItem","position":2,"name":"chambre double sur jardin"}]},{"@type":"WebSite","@id":"https:\/\/www.hotel-orchidee.fr\/#website","url":"https:\/\/www.hotel-orchidee.fr\/","name":"H\u00f4tel Orchid\u00e9e Paris","description":"H\u00f4tel 3 \u00e9toiles \u00e0 Montparnasse","potentialAction":[{"@type":"SearchAction","target":{"@type":"EntryPoint","urlTemplate":"https:\/\/www.hotel-orchidee.fr\/?s={search_term_string}"},"query-input":"required name=search_term_string"}],"inLanguage":"en-US"}]}},"_links":{"self":[{"href":"https:\/\/www.hotel-orchidee.fr\/en\/wp-json\/wp\/v2\/pages\/252","targetHints":{"allow":["GET"]}}],"collection":[{"href":"https:\/\/www.hotel-orchidee.fr\/en\/wp-json\/wp\/v2\/pages"}],"about":[{"href":"https:\/\/www.hotel-orchidee.fr\/en\/wp-json\/wp\/v2\/types\/page"}],"author":[{"embeddable":true,"href":"https:\/\/www.hotel-orchidee.fr\/en\/wp-json\/wp\/v2\/users\/1"}],"replies":[{"embeddable":true,"href":"https:\/\/www.hotel-orchidee.fr\/en\/wp-json\/wp\/v2\/comments?post=252"}],"version-history":[{"count":5,"href":"https:\/\/www.hotel-orchidee.fr\/en\/wp-json\/wp\/v2\/pages\/252\/revisions"}],"predecessor-version":[{"id":416,"href":"https:\/\/www.hotel-orchidee.fr\/en\/wp-json\/wp\/v2\/pages\/252\/revisions\/416"}],"wp:attachment":[{"href":"https:\/\/www.hotel-orchidee.fr\/en\/wp-json\/wp\/v2\/media?parent=252"}],"curies":[{"name":"wp","href":"https:\/\/api.w.org\/{rel}","templated":true}]}}