{"id":260,"date":"2022-04-06T15:47:45","date_gmt":"2022-04-06T13:47:45","guid":{"rendered":"https:\/\/sofimediat.fr\/orchidee\/offres-speciales\/"},"modified":"2022-04-22T16:43:47","modified_gmt":"2022-04-22T14:43:47","slug":"special-offers","status":"publish","type":"page","link":"https:\/\/www.hotel-orchidee.fr\/en\/special-offers\/","title":{"rendered":"Offres sp\u00e9ciales"},"content":{"rendered":"\n\t<section class=\"section\" id=\"section_2040023071\">\n\t\t<div class=\"bg section-bg fill bg-fill  \" >\n\n\t\t\t\n\t\t\t\n\t\t\t\n\n\t\t<\/div>\n\n\t\t<div class=\"section-content relative\">\n\t\t\t\n\n\n\t\t<\/div>\n\n\t\t\n<style>\n#section_2040023071 {\n  padding-top: 0px;\n  padding-bottom: 0px;\n  min-height: 300px;\n}\n#section_2040023071 .section-bg.bg-loaded {\n  background-image: url(https:\/\/www.hotel-orchidee.fr\/wp-content\/uploads\/2022\/04\/hotel-orchidee-paris-montparnasse-2.jpg);\n}\n<\/style>\n\t<\/section>\n\t\n\t<section class=\"section\" id=\"section_1737821054\">\n\t\t<div class=\"bg section-bg fill bg-fill  bg-loaded\" >\n\n\t\t\t\n\t\t\t\n\t\t\t\n\n\t\t<\/div>\n\n\t\t<div class=\"section-content relative\">\n\t\t\t\n\n<div class=\"row\"  id=\"row-1439608873\">\n\n\n\t<div id=\"col-1654117453\" class=\"col small-12 large-12\"  data-animate=\"fadeInUp\">\n\t\t\t\t<div class=\"col-inner\"  >\n\t\t\t\n\t\t\t\n\n<h1 style=\"text-align: center;\">SPECIAL OFFERS<\/h1>\n\n\t\t<\/div>\n\t\t\t\t\t<\/div>\n\n\t\n\n<\/div>\n\n\t\t<\/div>\n\n\t\t\n<style>\n#section_1737821054 {\n  padding-top: 30px;\n  padding-bottom: 30px;\n  background-color: rgb(255,255,255);\n}\n<\/style>\n\t<\/section>\n\t\n\t<section class=\"section\" id=\"section_261397990\">\n\t\t<div class=\"bg section-bg fill bg-fill  bg-loaded\" >\n\n\t\t\t\n\t\t\t\n\t\t\t\n\n\t\t<\/div>\n\n\t\t<div class=\"section-content relative\">\n\t\t\t\n\n<div class=\"row row-collapse align-middle\"  id=\"row-1022373686\">\n\n\n\t<div id=\"col-1000638905\" class=\"col medium-6 small-12 large-6\"  data-animate=\"fadeInLeft\">\n\t\t\t\t<div class=\"col-inner\"  >\n\t\t\t\n\t\t\t\n\n\t<div class=\"img has-hover x md-x lg-x y md-y lg-y\" id=\"image_1547886007\">\n\t\t\t\t\t\t\t\t<div class=\"img-inner dark\" >\n\t\t\t<img decoding=\"async\" width=\"1020\" height=\"680\" src=\"https:\/\/www.hotel-orchidee.fr\/wp-content\/uploads\/2022\/04\/hotel-orchidee-paris-montparnasse-1-1024x683.jpg\" class=\"attachment-large size-large\" alt=\"r\u00e9ception H\u00f4tel Orchid\u00e9es Paris Montparnasse\" srcset=\"https:\/\/www.hotel-orchidee.fr\/wp-content\/uploads\/2022\/04\/hotel-orchidee-paris-montparnasse-1-1024x683.jpg 1024w, https:\/\/www.hotel-orchidee.fr\/wp-content\/uploads\/2022\/04\/hotel-orchidee-paris-montparnasse-1-300x200.jpg 300w, https:\/\/www.hotel-orchidee.fr\/wp-content\/uploads\/2022\/04\/hotel-orchidee-paris-montparnasse-1-768x512.jpg 768w, https:\/\/www.hotel-orchidee.fr\/wp-content\/uploads\/2022\/04\/hotel-orchidee-paris-montparnasse-1.jpg 1500w\" sizes=\"(max-width: 1020px) 100vw, 1020px\" \/>\t\t\t\t\t\t\n\t\t\t\t\t<\/div>\n\t\t\t\t\t\t\t\t\n<style>\n#image_1547886007 {\n  width: 100%;\n}\n<\/style>\n\t<\/div>\n\t\n\n\n\t\t<\/div>\n\t\t\t\t\t<\/div>\n\n\t\n\n\t<div id=\"col-1002025999\" class=\"col medium-6 small-12 large-6\"  data-animate=\"fadeInRight\">\n\t\t\t\t<div class=\"col-inner\" style=\"background-color:rgba(0, 0, 0, 0.01);\" >\n\t\t\t\n\t\t\t\n\n<h3>Best rate guaranteed<\/h3>\n<p>The advantages of booking through our official website:<\/p>\n<ul>\n<li>The best price guarantee<\/li>\n<li>Real-time availability<\/li>\n<li>Secure online payment<\/li>\n<li>If there is no more availability on the internet, do not hesitate to contact us directly + 33 1 43 22 70 50<\/li>\n<\/ul>\n<a rel=\"noopener noreferrer\" href=\"https:\/\/www.secure-hotel-booking.com\/Hotel-Orchidee-E-Axess-\/JJFH\/dateselection?language=en\" target=\"_blank\" class=\"button secondary expand\"  >\n    <span>BOOK<\/span>\n  <\/a>\n\n\n\n\t\t<\/div>\n\t\t\t\t\n<style>\n#col-1002025999 > .col-inner {\n  padding: 20px 20px 20px 20px;\n}\n<\/style>\n\t<\/div>\n\n\t\n\n<\/div>\n\n\t\t<\/div>\n\n\t\t\n<style>\n#section_261397990 {\n  padding-top: 0px;\n  padding-bottom: 0px;\n  background-color: rgb(240, 240, 240);\n}\n<\/style>\n\t<\/section>\n\t\n\t<section class=\"section\" id=\"section_1352874915\">\n\t\t<div class=\"bg section-bg fill bg-fill  bg-loaded\" >\n\n\t\t\t\n\t\t\t\n\t\t\t\n\n\t\t<\/div>\n\n\t\t<div class=\"section-content relative\">\n\t\t\t\n\n<div class=\"row row-collapse align-middle\"  id=\"row-1100038303\">\n\n\n\t<div id=\"col-170287800\" class=\"col medium-6 small-12 large-6\"  data-animate=\"fadeInLeft\">\n\t\t\t\t<div class=\"col-inner\" style=\"background-color:rgba(0, 0, 0, 0.01);\" >\n\t\t\t\n\t\t\t\n\n<h3>Day-use<\/h3>\n<p>You want to book a room to relax or work for a few hours, please send us an email at<a href=\"mailto:reservation@hotel-orchidee.fr\" target=\"_blank\" rel=\"noopener\">reservation@hotel-orchidee.fr<\/a><\/p>\n<p><strong>Formulas :<\/strong><\/p>\n<ul>\n<li>Room from 11 a.m. to 4 p.m.&nbsp;: 70 euros<\/li>\n<\/ul>\n\n<a rel=\"noopener noreferrer\" href=\"mailto:reservation@hotel-orchidee.fr\" target=\"_blank\" class=\"button secondary expand\"  >\n    <span>write us<\/span>\n  <\/a>\n\n\n\n\t\t<\/div>\n\t\t\t\t\n<style>\n#col-170287800 > .col-inner {\n  padding: 20px 20px 20px 20px;\n}\n<\/style>\n\t<\/div>\n\n\t\n\n\t<div id=\"col-442031034\" class=\"col medium-6 small-12 large-6 small-col-first\"  data-animate=\"fadeInRight\">\n\t\t\t\t<div class=\"col-inner\"  >\n\t\t\t\n\t\t\t\n\n\t<div class=\"img has-hover x md-x lg-x y md-y lg-y\" id=\"image_1639669369\">\n\t\t\t\t\t\t\t\t<div class=\"img-inner dark\" >\n\t\t\t<img decoding=\"async\" width=\"1020\" height=\"680\" src=\"https:\/\/www.hotel-orchidee.fr\/wp-content\/uploads\/2022\/04\/chambre-classique-grand-lit-1-1024x683.jpg\" class=\"attachment-large size-large\" alt=\"H\u00f4tel Orchid\u00e9e Paris Montparnasse ***\" srcset=\"https:\/\/www.hotel-orchidee.fr\/wp-content\/uploads\/2022\/04\/chambre-classique-grand-lit-1-1024x683.jpg 1024w, https:\/\/www.hotel-orchidee.fr\/wp-content\/uploads\/2022\/04\/chambre-classique-grand-lit-1-300x200.jpg 300w, https:\/\/www.hotel-orchidee.fr\/wp-content\/uploads\/2022\/04\/chambre-classique-grand-lit-1-768x512.jpg 768w, https:\/\/www.hotel-orchidee.fr\/wp-content\/uploads\/2022\/04\/chambre-classique-grand-lit-1.jpg 1500w\" sizes=\"(max-width: 1020px) 100vw, 1020px\" \/>\t\t\t\t\t\t\n\t\t\t\t\t<\/div>\n\t\t\t\t\t\t\t\t\n<style>\n#image_1639669369 {\n  width: 100%;\n}\n<\/style>\n\t<\/div>\n\t\n\n\n\t\t<\/div>\n\t\t\t\t\t<\/div>\n\n\t\n\n<\/div>\n\n\t\t<\/div>\n\n\t\t\n<style>\n#section_1352874915 {\n  padding-top: 0px;\n  padding-bottom: 0px;\n  background-color: rgb(255, 255, 255);\n}\n<\/style>\n\t<\/section>\n\t\n\n","protected":false},"excerpt":{"rendered":"","protected":false},"author":1,"featured_media":0,"parent":0,"menu_order":0,"comment_status":"closed","ping_status":"closed","template":"page-blank.php","meta":{"footnotes":""},"class_list":["post-260","page","type-page","status-publish","hentry"],"yoast_head":"<!-- This site is optimized with the Yoast SEO plugin v23.1 - https:\/\/yoast.com\/wordpress\/plugins\/seo\/ -->\n<title>Special offers at the Hotel Orchid\u00e9e Paris Montparnasse<\/title>\n<meta name=\"description\" content=\"Discover the special offers of the Orchid\u00e9e Paris hotel, best rates guaranteed via the official website! book your room!\" \/>\n<meta name=\"robots\" content=\"index, follow, max-snippet:-1, max-image-preview:large, max-video-preview:-1\" \/>\n<link rel=\"canonical\" href=\"https:\/\/www.hotel-orchidee.fr\/en\/special-offers\/\" \/>\n<meta property=\"og:locale\" content=\"en_US\" \/>\n<meta property=\"og:type\" content=\"article\" \/>\n<meta property=\"og:title\" content=\"Special offers at the Hotel Orchid\u00e9e Paris Montparnasse\" \/>\n<meta property=\"og:description\" content=\"Discover the special offers of the Orchid\u00e9e Paris hotel, best rates guaranteed via the official website! book your room!\" \/>\n<meta property=\"og:url\" content=\"https:\/\/www.hotel-orchidee.fr\/en\/special-offers\/\" \/>\n<meta property=\"og:site_name\" content=\"H\u00f4tel Orchid\u00e9e Paris\" \/>\n<meta property=\"article:modified_time\" content=\"2022-04-22T14:43:47+00:00\" \/>\n<meta name=\"twitter:card\" content=\"summary_large_image\" \/>\n<meta name=\"twitter:label1\" content=\"Est. reading time\" \/>\n\t<meta name=\"twitter:data1\" content=\"1 minute\" \/>\n<script type=\"application\/ld+json\" class=\"yoast-schema-graph\">{\"@context\":\"https:\/\/schema.org\",\"@graph\":[{\"@type\":\"WebPage\",\"@id\":\"https:\/\/www.hotel-orchidee.fr\/en\/special-offers\/\",\"url\":\"https:\/\/www.hotel-orchidee.fr\/en\/special-offers\/\",\"name\":\"Special offers at the Hotel Orchid\u00e9e Paris Montparnasse\",\"isPartOf\":{\"@id\":\"https:\/\/www.hotel-orchidee.fr\/#website\"},\"datePublished\":\"2022-04-06T13:47:45+00:00\",\"dateModified\":\"2022-04-22T14:43:47+00:00\",\"description\":\"Discover the special offers of the Orchid\u00e9e Paris hotel, best rates guaranteed via the official website! book your room!\",\"breadcrumb\":{\"@id\":\"https:\/\/www.hotel-orchidee.fr\/en\/special-offers\/#breadcrumb\"},\"inLanguage\":\"en-US\",\"potentialAction\":[{\"@type\":\"ReadAction\",\"target\":[\"https:\/\/www.hotel-orchidee.fr\/en\/special-offers\/\"]}]},{\"@type\":\"BreadcrumbList\",\"@id\":\"https:\/\/www.hotel-orchidee.fr\/en\/special-offers\/#breadcrumb\",\"itemListElement\":[{\"@type\":\"ListItem\",\"position\":1,\"name\":\"Accueil\",\"item\":\"https:\/\/www.hotel-orchidee.fr\/en\/\"},{\"@type\":\"ListItem\",\"position\":2,\"name\":\"Offres sp\u00e9ciales\"}]},{\"@type\":\"WebSite\",\"@id\":\"https:\/\/www.hotel-orchidee.fr\/#website\",\"url\":\"https:\/\/www.hotel-orchidee.fr\/\",\"name\":\"H\u00f4tel Orchid\u00e9e Paris\",\"description\":\"H\u00f4tel 3 \u00e9toiles \u00e0 Montparnasse\",\"potentialAction\":[{\"@type\":\"SearchAction\",\"target\":{\"@type\":\"EntryPoint\",\"urlTemplate\":\"https:\/\/www.hotel-orchidee.fr\/?s={search_term_string}\"},\"query-input\":\"required name=search_term_string\"}],\"inLanguage\":\"en-US\"}]}<\/script>\n<!-- \/ Yoast SEO plugin. -->","yoast_head_json":{"title":"Special offers at the Hotel Orchid\u00e9e Paris Montparnasse","description":"Discover the special offers of the Orchid\u00e9e Paris hotel, best rates guaranteed via the official website! book your room!","robots":{"index":"index","follow":"follow","max-snippet":"max-snippet:-1","max-image-preview":"max-image-preview:large","max-video-preview":"max-video-preview:-1"},"canonical":"https:\/\/www.hotel-orchidee.fr\/en\/special-offers\/","og_locale":"en_US","og_type":"article","og_title":"Special offers at the Hotel Orchid\u00e9e Paris Montparnasse","og_description":"Discover the special offers of the Orchid\u00e9e Paris hotel, best rates guaranteed via the official website! book your room!","og_url":"https:\/\/www.hotel-orchidee.fr\/en\/special-offers\/","og_site_name":"H\u00f4tel Orchid\u00e9e Paris","article_modified_time":"2022-04-22T14:43:47+00:00","twitter_card":"summary_large_image","twitter_misc":{"Est. reading time":"1 minute"},"schema":{"@context":"https:\/\/schema.org","@graph":[{"@type":"WebPage","@id":"https:\/\/www.hotel-orchidee.fr\/en\/special-offers\/","url":"https:\/\/www.hotel-orchidee.fr\/en\/special-offers\/","name":"Special offers at the Hotel Orchid\u00e9e Paris Montparnasse","isPartOf":{"@id":"https:\/\/www.hotel-orchidee.fr\/#website"},"datePublished":"2022-04-06T13:47:45+00:00","dateModified":"2022-04-22T14:43:47+00:00","description":"Discover the special offers of the Orchid\u00e9e Paris hotel, best rates guaranteed via the official website! book your room!","breadcrumb":{"@id":"https:\/\/www.hotel-orchidee.fr\/en\/special-offers\/#breadcrumb"},"inLanguage":"en-US","potentialAction":[{"@type":"ReadAction","target":["https:\/\/www.hotel-orchidee.fr\/en\/special-offers\/"]}]},{"@type":"BreadcrumbList","@id":"https:\/\/www.hotel-orchidee.fr\/en\/special-offers\/#breadcrumb","itemListElement":[{"@type":"ListItem","position":1,"name":"Accueil","item":"https:\/\/www.hotel-orchidee.fr\/en\/"},{"@type":"ListItem","position":2,"name":"Offres sp\u00e9ciales"}]},{"@type":"WebSite","@id":"https:\/\/www.hotel-orchidee.fr\/#website","url":"https:\/\/www.hotel-orchidee.fr\/","name":"H\u00f4tel Orchid\u00e9e Paris","description":"H\u00f4tel 3 \u00e9toiles \u00e0 Montparnasse","potentialAction":[{"@type":"SearchAction","target":{"@type":"EntryPoint","urlTemplate":"https:\/\/www.hotel-orchidee.fr\/?s={search_term_string}"},"query-input":"required name=search_term_string"}],"inLanguage":"en-US"}]}},"_links":{"self":[{"href":"https:\/\/www.hotel-orchidee.fr\/en\/wp-json\/wp\/v2\/pages\/260","targetHints":{"allow":["GET"]}}],"collection":[{"href":"https:\/\/www.hotel-orchidee.fr\/en\/wp-json\/wp\/v2\/pages"}],"about":[{"href":"https:\/\/www.hotel-orchidee.fr\/en\/wp-json\/wp\/v2\/types\/page"}],"author":[{"embeddable":true,"href":"https:\/\/www.hotel-orchidee.fr\/en\/wp-json\/wp\/v2\/users\/1"}],"replies":[{"embeddable":true,"href":"https:\/\/www.hotel-orchidee.fr\/en\/wp-json\/wp\/v2\/comments?post=260"}],"version-history":[{"count":5,"href":"https:\/\/www.hotel-orchidee.fr\/en\/wp-json\/wp\/v2\/pages\/260\/revisions"}],"predecessor-version":[{"id":324,"href":"https:\/\/www.hotel-orchidee.fr\/en\/wp-json\/wp\/v2\/pages\/260\/revisions\/324"}],"wp:attachment":[{"href":"https:\/\/www.hotel-orchidee.fr\/en\/wp-json\/wp\/v2\/media?parent=260"}],"curies":[{"name":"wp","href":"https:\/\/api.w.org\/{rel}","templated":true}]}}