{"id":261,"date":"2022-04-06T14:43:36","date_gmt":"2022-04-06T12:43:36","guid":{"rendered":"https:\/\/sofimediat.fr\/orchidee\/seminaires\/"},"modified":"2022-04-22T10:45:02","modified_gmt":"2022-04-22T08:45:02","slug":"seminars","status":"publish","type":"page","link":"https:\/\/www.hotel-orchidee.fr\/en\/seminars\/","title":{"rendered":"S\u00e9minaires"},"content":{"rendered":"\n\t<section class=\"section\" id=\"section_272439304\">\n\t\t<div class=\"bg section-bg fill bg-fill  \" >\n\n\t\t\t\n\t\t\t\n\t\t\t\n\n\t\t<\/div>\n\n\t\t<div class=\"section-content relative\">\n\t\t\t\n\n\n\t\t<\/div>\n\n\t\t\n<style>\n#section_272439304 {\n  padding-top: 0px;\n  padding-bottom: 0px;\n  min-height: 300px;\n}\n#section_272439304 .section-bg.bg-loaded {\n  background-image: url(https:\/\/www.hotel-orchidee.fr\/wp-content\/uploads\/2022\/04\/seminaires-hotel-orchidee-paris-montparnasse-3.jpg);\n}\n#section_272439304 .section-bg {\n  background-position: bottom;\n}\n<\/style>\n\t<\/section>\n\t\n\t<section class=\"section\" id=\"section_674018436\">\n\t\t<div class=\"bg section-bg fill bg-fill  bg-loaded\" >\n\n\t\t\t\n\t\t\t\n\t\t\t\n\n\t\t<\/div>\n\n\t\t<div class=\"section-content relative\">\n\t\t\t\n\n<div class=\"row\"  id=\"row-648654537\">\n\n\n\t<div id=\"col-729237488\" class=\"col small-12 large-12\"  data-animate=\"fadeInUp\">\n\t\t\t\t<div class=\"col-inner\"  >\n\t\t\t\n\t\t\t\n\n<h1 style=\"text-align: center;\">Seminar in Paris Montparnasse<\/h1>\n<p>Do you want to\u00a0<strong>organise a seminar in Paris<\/strong>, a presentation,\u00a0<strong>a day of study<\/strong>\u00a0or training,\u00a0<strong>a business meeting<\/strong>\u00a0in the heart of\u00a0<strong>the business centre of Montparnasse<\/strong>?<\/p>\n<p><strong>The Orchid\u00e9e Hotel***<\/strong>\u00a0offers\u00a0<strong>the rental of conference room<\/strong>\u00a0for meetings up to 19 people.<\/p>\n<p>Choose one of the different options available at the hotel and organise your\u00a0<strong>corporate event\u00a0<\/strong>as you wish. The coffee breaks are served at the hotel bar, under the veranda and in the green patio.<\/p>\n<p><strong>Available equipment:<\/strong><\/p>\n<ul>\n<li>2 paperboards<\/li>\n<li>Projector<\/li>\n<li>Free WIFI access.<\/li>\n<\/ul>\n<p><strong>Booking and information:<\/strong><br \/>\u00a0\u00a0 \u00a0 \u00a0 \u00a0 \u00a0 \u00a0 \u00a0<br \/>Tel: +33.1.43.22.70.50<br \/><a href=\"mailto:corporate@escapade-paris.com\">reservation@hotel-orchidee.fr<\/a><\/p>\n\n\t\t<\/div>\n\t\t\t\t\t<\/div>\n\n\t\n\n<\/div>\n\n\t\t<\/div>\n\n\t\t\n<style>\n#section_674018436 {\n  padding-top: 30px;\n  padding-bottom: 30px;\n}\n<\/style>\n\t<\/section>\n\t\n\t<section class=\"section\" id=\"section_156421679\">\n\t\t<div class=\"bg section-bg fill bg-fill  bg-loaded\" >\n\n\t\t\t\n\t\t\t\n\t\t\t\n\n\t\t<\/div>\n\n\t\t<div class=\"section-content relative\">\n\t\t\t\n\n<div class=\"row row-collapse align-middle\"  id=\"row-936566229\">\n\n\n\t<div id=\"col-1720934385\" class=\"col medium-6 small-12 large-6\"  data-animate=\"fadeInLeft\">\n\t\t\t\t<div class=\"col-inner\"  >\n\t\t\t\n\t\t\t\n\n\t<div class=\"img has-hover x md-x lg-x y md-y lg-y\" id=\"image_1602537040\">\n\t\t\t\t\t\t\t\t<div class=\"img-inner dark\" >\n\t\t\t<img decoding=\"async\" width=\"1020\" height=\"680\" src=\"https:\/\/www.hotel-orchidee.fr\/wp-content\/uploads\/2022\/04\/seminaires-hotel-orchidee-paris-montparnasse-1-1024x683.jpg\" class=\"attachment-large size-large\" alt=\"H\u00f4tel Orchid\u00e9e Paris Montparnasse ***\" srcset=\"https:\/\/www.hotel-orchidee.fr\/wp-content\/uploads\/2022\/04\/seminaires-hotel-orchidee-paris-montparnasse-1-1024x683.jpg 1024w, https:\/\/www.hotel-orchidee.fr\/wp-content\/uploads\/2022\/04\/seminaires-hotel-orchidee-paris-montparnasse-1-300x200.jpg 300w, https:\/\/www.hotel-orchidee.fr\/wp-content\/uploads\/2022\/04\/seminaires-hotel-orchidee-paris-montparnasse-1-768x512.jpg 768w, https:\/\/www.hotel-orchidee.fr\/wp-content\/uploads\/2022\/04\/seminaires-hotel-orchidee-paris-montparnasse-1.jpg 1500w\" sizes=\"(max-width: 1020px) 100vw, 1020px\" \/>\t\t\t\t\t\t\n\t\t\t\t\t<\/div>\n\t\t\t\t\t\t\t\t\n<style>\n#image_1602537040 {\n  width: 100%;\n}\n<\/style>\n\t<\/div>\n\t\n\n\n\t\t<\/div>\n\t\t\t\t\t<\/div>\n\n\t\n\n\t<div id=\"col-977977188\" class=\"col medium-6 small-12 large-6\"  data-animate=\"fadeInRight\">\n\t\t\t\t<div class=\"col-inner\" style=\"background-color:rgba(0, 0, 0, 0.01);\" >\n\t\t\t\n\t\t\t\n\n<h3>Hire of a meeting room<\/h3>\n<p>The hotel offers a package for the\u00a0<strong>hire of the meeting room<\/strong>\u00a0for up to 19 people for your seminar, study day or training day at the heart of the Montparnasse business centre.<\/p>\n<p>The package includes a\u00a0<strong>welcome coffee<\/strong>\u00a0and\u00a0<strong>access to the meeting room<\/strong>\u00a0from 8.30am to 6.30pm (including video projector and complimentary WiFi).<\/p>\n\n\t\t<\/div>\n\t\t\t\t\n<style>\n#col-977977188 > .col-inner {\n  padding: 20px 20px 20px 20px;\n}\n<\/style>\n\t<\/div>\n\n\t\n\n<\/div>\n\n\t\t<\/div>\n\n\t\t\n<style>\n#section_156421679 {\n  padding-top: 0px;\n  padding-bottom: 0px;\n  background-color: rgb(240, 240, 240);\n}\n<\/style>\n\t<\/section>\n\t\n\t<section class=\"section\" id=\"section_275244654\">\n\t\t<div class=\"bg section-bg fill bg-fill  bg-loaded\" >\n\n\t\t\t\n\t\t\t\n\t\t\t\n\n\t\t<\/div>\n\n\t\t<div class=\"section-content relative\">\n\t\t\t\n\n<div class=\"row row-collapse align-middle\"  id=\"row-390348229\">\n\n\n\t<div id=\"col-124505984\" class=\"col medium-6 small-12 large-6\"  data-animate=\"fadeInLeft\">\n\t\t\t\t<div class=\"col-inner\" style=\"background-color:rgba(0, 0, 0, 0.01);\" >\n\t\t\t\n\t\t\t\n\n<h3>Seminar day package<\/h3>\n<p>On the tables that can be arranged in class, in &#8220;theater&#8221; or in &#8220;U&#8221; are available bottles of water, sheets of paper and pens. The welcome coffee is offered to you in our veranda overlooking our tree-lined terrace.<\/p>\n<p>At the same time, we offer breaks:<\/p>\n<ul>\n<li>morning coffee, juice and pastries  break<\/li>\n<li>coffee, juice and snacks  break in the afternoon<\/li>\n<li>lunch in one of our partner restaurants near the Hotel.<\/li>\n<\/ul>\n\n\n\t\t<\/div>\n\t\t\t\t\n<style>\n#col-124505984 > .col-inner {\n  padding: 20px 20px 20px 20px;\n}\n<\/style>\n\t<\/div>\n\n\t\n\n\t<div id=\"col-1614553498\" class=\"col medium-6 small-12 large-6 small-col-first\"  data-animate=\"fadeInRight\">\n\t\t\t\t<div class=\"col-inner\"  >\n\t\t\t\n\t\t\t\n\n\t<div class=\"img has-hover x md-x lg-x y md-y lg-y\" id=\"image_1245906249\">\n\t\t\t\t\t\t\t\t<div class=\"img-inner dark\" >\n\t\t\t<img decoding=\"async\" width=\"1020\" height=\"680\" src=\"https:\/\/www.hotel-orchidee.fr\/wp-content\/uploads\/2022\/04\/seminaires-hotel-orchidee-paris-montparnasse-1-1024x683.jpg\" class=\"attachment-large size-large\" alt=\"H\u00f4tel Orchid\u00e9e Paris Montparnasse ***\" srcset=\"https:\/\/www.hotel-orchidee.fr\/wp-content\/uploads\/2022\/04\/seminaires-hotel-orchidee-paris-montparnasse-1-1024x683.jpg 1024w, https:\/\/www.hotel-orchidee.fr\/wp-content\/uploads\/2022\/04\/seminaires-hotel-orchidee-paris-montparnasse-1-300x200.jpg 300w, https:\/\/www.hotel-orchidee.fr\/wp-content\/uploads\/2022\/04\/seminaires-hotel-orchidee-paris-montparnasse-1-768x512.jpg 768w, https:\/\/www.hotel-orchidee.fr\/wp-content\/uploads\/2022\/04\/seminaires-hotel-orchidee-paris-montparnasse-1.jpg 1500w\" sizes=\"(max-width: 1020px) 100vw, 1020px\" \/>\t\t\t\t\t\t\n\t\t\t\t\t<\/div>\n\t\t\t\t\t\t\t\t\n<style>\n#image_1245906249 {\n  width: 100%;\n}\n<\/style>\n\t<\/div>\n\t\n\n\n\t\t<\/div>\n\t\t\t\t\t<\/div>\n\n\t\n\n<\/div>\n\n\t\t<\/div>\n\n\t\t\n<style>\n#section_275244654 {\n  padding-top: 0px;\n  padding-bottom: 0px;\n  background-color: rgb(255, 255, 255);\n}\n<\/style>\n\t<\/section>\n\t\n\t<section class=\"section\" id=\"section_1205103152\">\n\t\t<div class=\"bg section-bg fill bg-fill  bg-loaded\" >\n\n\t\t\t\n\t\t\t\n\t\t\t\n\n\t\t<\/div>\n\n\t\t<div class=\"section-content relative\">\n\t\t\t\n\n<div class=\"row\"  id=\"row-756583063\">\n\n\n\t<div id=\"col-377358705\" class=\"col small-12 large-12\"  data-animate=\"fadeInUp\">\n\t\t\t\t<div class=\"col-inner\"  >\n\t\t\t\n\t\t\t\n\n<h1 style=\"text-align: center;\">\nRATES and availability<\/h1>\n<p style=\"text-align: center;\">Please contact us by telephoen  01.43.22.70.50 or by  email :&nbsp;<a href=\"mailto:reservation@hotel-orchidee.fr\">reservation@hotel-orchidee.fr<\/a><\/p>\n<p>&nbsp;<\/p>\n\n\n\t\t<\/div>\n\t\t\t\t\t<\/div>\n\n\t\n\n<\/div>\n\n\t\t<\/div>\n\n\t\t\n<style>\n#section_1205103152 {\n  padding-top: 30px;\n  padding-bottom: 30px;\n}\n<\/style>\n\t<\/section>\n\t\n\n","protected":false},"excerpt":{"rendered":"","protected":false},"author":1,"featured_media":0,"parent":0,"menu_order":0,"comment_status":"closed","ping_status":"closed","template":"page-blank.php","meta":{"footnotes":""},"class_list":["post-261","page","type-page","status-publish","hentry"],"yoast_head":"<!-- This site is optimized with the Yoast SEO plugin v23.1 - https:\/\/yoast.com\/wordpress\/plugins\/seo\/ -->\n<title>Seminar in Paris Montparnasse - H\u00f4tel Orchid\u00e9e | Paris<\/title>\n<meta name=\"description\" content=\"Organise your seminar at the Orchid\u00e9e Hotel*** in the heart of the business centre of Paris Montparnasse\" \/>\n<meta name=\"robots\" content=\"index, follow, max-snippet:-1, max-image-preview:large, max-video-preview:-1\" \/>\n<link rel=\"canonical\" href=\"https:\/\/www.hotel-orchidee.fr\/en\/seminars\/\" \/>\n<meta property=\"og:locale\" content=\"en_US\" \/>\n<meta property=\"og:type\" content=\"article\" \/>\n<meta property=\"og:title\" content=\"Seminar in Paris Montparnasse - H\u00f4tel Orchid\u00e9e | Paris\" \/>\n<meta property=\"og:description\" content=\"Organise your seminar at the Orchid\u00e9e Hotel*** in the heart of the business centre of Paris Montparnasse\" \/>\n<meta property=\"og:url\" content=\"https:\/\/www.hotel-orchidee.fr\/en\/seminars\/\" \/>\n<meta property=\"og:site_name\" content=\"H\u00f4tel Orchid\u00e9e Paris\" \/>\n<meta property=\"article:modified_time\" content=\"2022-04-22T08:45:02+00:00\" \/>\n<meta name=\"twitter:card\" content=\"summary_large_image\" \/>\n<meta name=\"twitter:label1\" content=\"Est. reading time\" \/>\n\t<meta name=\"twitter:data1\" content=\"2 minutes\" \/>\n<script type=\"application\/ld+json\" class=\"yoast-schema-graph\">{\"@context\":\"https:\/\/schema.org\",\"@graph\":[{\"@type\":\"WebPage\",\"@id\":\"https:\/\/www.hotel-orchidee.fr\/en\/seminars\/\",\"url\":\"https:\/\/www.hotel-orchidee.fr\/en\/seminars\/\",\"name\":\"Seminar in Paris Montparnasse - H\u00f4tel Orchid\u00e9e | Paris\",\"isPartOf\":{\"@id\":\"https:\/\/www.hotel-orchidee.fr\/#website\"},\"datePublished\":\"2022-04-06T12:43:36+00:00\",\"dateModified\":\"2022-04-22T08:45:02+00:00\",\"description\":\"Organise your seminar at the Orchid\u00e9e Hotel*** in the heart of the business centre of Paris Montparnasse\",\"breadcrumb\":{\"@id\":\"https:\/\/www.hotel-orchidee.fr\/en\/seminars\/#breadcrumb\"},\"inLanguage\":\"en-US\",\"potentialAction\":[{\"@type\":\"ReadAction\",\"target\":[\"https:\/\/www.hotel-orchidee.fr\/en\/seminars\/\"]}]},{\"@type\":\"BreadcrumbList\",\"@id\":\"https:\/\/www.hotel-orchidee.fr\/en\/seminars\/#breadcrumb\",\"itemListElement\":[{\"@type\":\"ListItem\",\"position\":1,\"name\":\"Accueil\",\"item\":\"https:\/\/www.hotel-orchidee.fr\/en\/\"},{\"@type\":\"ListItem\",\"position\":2,\"name\":\"S\u00e9minaires\"}]},{\"@type\":\"WebSite\",\"@id\":\"https:\/\/www.hotel-orchidee.fr\/#website\",\"url\":\"https:\/\/www.hotel-orchidee.fr\/\",\"name\":\"H\u00f4tel Orchid\u00e9e Paris\",\"description\":\"H\u00f4tel 3 \u00e9toiles \u00e0 Montparnasse\",\"potentialAction\":[{\"@type\":\"SearchAction\",\"target\":{\"@type\":\"EntryPoint\",\"urlTemplate\":\"https:\/\/www.hotel-orchidee.fr\/?s={search_term_string}\"},\"query-input\":\"required name=search_term_string\"}],\"inLanguage\":\"en-US\"}]}<\/script>\n<!-- \/ Yoast SEO plugin. -->","yoast_head_json":{"title":"Seminar in Paris Montparnasse - H\u00f4tel Orchid\u00e9e | Paris","description":"Organise your seminar at the Orchid\u00e9e Hotel*** in the heart of the business centre of Paris Montparnasse","robots":{"index":"index","follow":"follow","max-snippet":"max-snippet:-1","max-image-preview":"max-image-preview:large","max-video-preview":"max-video-preview:-1"},"canonical":"https:\/\/www.hotel-orchidee.fr\/en\/seminars\/","og_locale":"en_US","og_type":"article","og_title":"Seminar in Paris Montparnasse - H\u00f4tel Orchid\u00e9e | Paris","og_description":"Organise your seminar at the Orchid\u00e9e Hotel*** in the heart of the business centre of Paris Montparnasse","og_url":"https:\/\/www.hotel-orchidee.fr\/en\/seminars\/","og_site_name":"H\u00f4tel Orchid\u00e9e Paris","article_modified_time":"2022-04-22T08:45:02+00:00","twitter_card":"summary_large_image","twitter_misc":{"Est. reading time":"2 minutes"},"schema":{"@context":"https:\/\/schema.org","@graph":[{"@type":"WebPage","@id":"https:\/\/www.hotel-orchidee.fr\/en\/seminars\/","url":"https:\/\/www.hotel-orchidee.fr\/en\/seminars\/","name":"Seminar in Paris Montparnasse - H\u00f4tel Orchid\u00e9e | Paris","isPartOf":{"@id":"https:\/\/www.hotel-orchidee.fr\/#website"},"datePublished":"2022-04-06T12:43:36+00:00","dateModified":"2022-04-22T08:45:02+00:00","description":"Organise your seminar at the Orchid\u00e9e Hotel*** in the heart of the business centre of Paris Montparnasse","breadcrumb":{"@id":"https:\/\/www.hotel-orchidee.fr\/en\/seminars\/#breadcrumb"},"inLanguage":"en-US","potentialAction":[{"@type":"ReadAction","target":["https:\/\/www.hotel-orchidee.fr\/en\/seminars\/"]}]},{"@type":"BreadcrumbList","@id":"https:\/\/www.hotel-orchidee.fr\/en\/seminars\/#breadcrumb","itemListElement":[{"@type":"ListItem","position":1,"name":"Accueil","item":"https:\/\/www.hotel-orchidee.fr\/en\/"},{"@type":"ListItem","position":2,"name":"S\u00e9minaires"}]},{"@type":"WebSite","@id":"https:\/\/www.hotel-orchidee.fr\/#website","url":"https:\/\/www.hotel-orchidee.fr\/","name":"H\u00f4tel Orchid\u00e9e Paris","description":"H\u00f4tel 3 \u00e9toiles \u00e0 Montparnasse","potentialAction":[{"@type":"SearchAction","target":{"@type":"EntryPoint","urlTemplate":"https:\/\/www.hotel-orchidee.fr\/?s={search_term_string}"},"query-input":"required name=search_term_string"}],"inLanguage":"en-US"}]}},"_links":{"self":[{"href":"https:\/\/www.hotel-orchidee.fr\/en\/wp-json\/wp\/v2\/pages\/261","targetHints":{"allow":["GET"]}}],"collection":[{"href":"https:\/\/www.hotel-orchidee.fr\/en\/wp-json\/wp\/v2\/pages"}],"about":[{"href":"https:\/\/www.hotel-orchidee.fr\/en\/wp-json\/wp\/v2\/types\/page"}],"author":[{"embeddable":true,"href":"https:\/\/www.hotel-orchidee.fr\/en\/wp-json\/wp\/v2\/users\/1"}],"replies":[{"embeddable":true,"href":"https:\/\/www.hotel-orchidee.fr\/en\/wp-json\/wp\/v2\/comments?post=261"}],"version-history":[{"count":2,"href":"https:\/\/www.hotel-orchidee.fr\/en\/wp-json\/wp\/v2\/pages\/261\/revisions"}],"predecessor-version":[{"id":300,"href":"https:\/\/www.hotel-orchidee.fr\/en\/wp-json\/wp\/v2\/pages\/261\/revisions\/300"}],"wp:attachment":[{"href":"https:\/\/www.hotel-orchidee.fr\/en\/wp-json\/wp\/v2\/media?parent=261"}],"curies":[{"name":"wp","href":"https:\/\/api.w.org\/{rel}","templated":true}]}}